{"id":51,"date":"2020-10-13T12:06:32","date_gmt":"2020-10-13T09:06:32","guid":{"rendered":"http:\/\/yerbilimleri.org\/?page_id=51"},"modified":"2021-08-06T17:47:21","modified_gmt":"2021-08-06T14:47:21","slug":"faydali-linkler","status":"publish","type":"page","link":"https:\/\/yerbilimleri.org\/index.php\/faydali-linkler\/","title":{"rendered":"Faydal\u0131 Linkler"},"content":{"rendered":"\n<p><\/p>\n\n\n\n<ul><li><strong><a href=\"http:\/\/www.igeoscied.org\">IGEO -International Geosiences Education Organisation (Uluslararas\u0131 yerbilimleri e\u011fitimi organizasyonu)<\/a><\/strong><\/li><li><strong><a href=\"https:\/\/www.jemirko.org.tr\">Jeolojik Miras\u0131 Koruma Derne\u011fi-JEM\u0130RKO<\/a><\/strong><\/li><li><strong><a href=\"https:\/\/www.sedimantoloji.org\">Sedimentoloji \u00c7al\u0131\u015fma Grubu -S\u00c7G<\/a><\/strong><\/li><li><strong><a href=\"http:\/\/paleontolojicalismagrubu.blogspot.com\/\">Paleontoloji \u00c7al\u0131\u015fma Grubu- P\u00c7G<\/a><\/strong><\/li><li><strong><a href=\"https:\/\/atag.itu.edu.tr\">Aktif tektonik Ara\u015ft\u0131rma Grubu ATAG<\/a><\/strong><\/li><li><strong><a href=\"https:\/\/www.jmo.org.tr\">Jeoloji M\u00fchendisleri Odas\u0131-JMO<\/a><\/strong><\/li><li><strong><a href=\"http:\/\/www.jeofizik.org.tr\">Jeofizik M\u00fchendisleri Odas\u0131<\/a><\/strong><\/li><li><strong><a href=\"http:\/\/www.maden.org.tr\">Maden M\u00fchendisleri Odas\u0131<\/a><\/strong><\/li><li><strong><a href=\"https:\/\/pmo.org.tr\">Petrol M\u00fchendisleri Odas\u0131<\/a><\/strong><\/li><li><strong><a href=\"https:\/\/www.meteoroloji.org.tr\">Meteoroloji M\u00fchendisleri Odas\u0131<\/a><\/strong><\/li><li><strong><a href=\"http:\/\/www.jd.org.tr\">Jeomorfoloji Derne\u011fi\u00a0\u00a0<\/a><\/strong><\/li><li><strong><a href=\"http:\/\/ck.org.tr\">T\u00fcrk Co\u011frafya Kurumu<\/a><\/strong><\/li><li><strong><a href=\"https:\/\/earthobservatory.nasa.gov\/blogs\/eokids\">Earthobservatory NASA-kids<\/a><\/strong><\/li><li><strong><a href=\"https:\/\/www.mta.gov.tr\">Maden Tetkik ve Ara\u015ft\u0131rma Enstit\u00fcs\u00fc<\/a><\/strong><\/li><li><strong><a rel=\"noreferrer noopener\" href=\"http:\/\/tag.eng.ankara.edu.tr\/\" target=\"_blank\">http:\/\/tag.eng.ankara.edu.tr<\/a><\/strong><\/li><li><a href=\"https:\/\/www.egu.eu\"><strong>Europian Geolsciences Union (Avrupa Yerbilimleri Birli\u011fi<\/strong><\/a><\/li><li><strong><a href=\"https:\/\/www.unesco.org.tr\/\">UNESCO T\u00fcrkiye Milli Komisyonu<\/a><\/strong><\/li><li><strong><a href=\"http:\/\/www.earthscienceliteracy.org\/\">Earth Sciences Literacy Initiative (ESLI)<\/a><\/strong><\/li><\/ul>\n","protected":false},"excerpt":{"rendered":"<p>IGEO -International Geosiences Education Organisation (Uluslararas\u0131 yerbilimleri e\u011fitimi organizasyonu) Jeolojik Miras\u0131 Koruma Derne\u011fi-JEM\u0130RKO Sedimentoloji \u00c7al\u0131\u015fma Grubu -S\u00c7G Paleontoloji \u00c7al\u0131\u015fma Grubu- P\u00c7G Aktif tektonik Ara\u015ft\u0131rma Grubu ATAG Jeoloji M\u00fchendisleri Odas\u0131-JMO Jeofizik [&hellip;]<\/p>\n","protected":false},"author":1,"featured_media":0,"parent":0,"menu_order":0,"comment_status":"closed","ping_status":"closed","template":"","meta":{"_links_to":"","_links_to_target":""},"_links":{"self":[{"href":"https:\/\/yerbilimleri.org\/index.php\/wp-json\/wp\/v2\/pages\/51"}],"collection":[{"href":"https:\/\/yerbilimleri.org\/index.php\/wp-json\/wp\/v2\/pages"}],"about":[{"href":"https:\/\/yerbilimleri.org\/index.php\/wp-json\/wp\/v2\/types\/page"}],"author":[{"embeddable":true,"href":"https:\/\/yerbilimleri.org\/index.php\/wp-json\/wp\/v2\/users\/1"}],"replies":[{"embeddable":true,"href":"https:\/\/yerbilimleri.org\/index.php\/wp-json\/wp\/v2\/comments?post=51"}],"version-history":[{"count":7,"href":"https:\/\/yerbilimleri.org\/index.php\/wp-json\/wp\/v2\/pages\/51\/revisions"}],"predecessor-version":[{"id":686,"href":"https:\/\/yerbilimleri.org\/index.php\/wp-json\/wp\/v2\/pages\/51\/revisions\/686"}],"wp:attachment":[{"href":"https:\/\/yerbilimleri.org\/index.php\/wp-json\/wp\/v2\/media?parent=51"}],"curies":[{"name":"wp","href":"https:\/\/api.w.org\/{rel}","templated":true}]}}