{"id":49,"date":"2020-10-13T12:05:35","date_gmt":"2020-10-13T09:05:35","guid":{"rendered":"http:\/\/yerbilimleri.org\/?page_id=49"},"modified":"2024-01-16T20:40:34","modified_gmt":"2024-01-16T17:40:34","slug":"veri-bankasi","status":"publish","type":"page","link":"https:\/\/yerbilimleri.org\/index.php\/veri-bankasi\/","title":{"rendered":"Dijital K\u00fct\u00fcphane"},"content":{"rendered":"\n<p><a href=\"http:\/\/yerbilimleri.org\/wp-content\/uploads\/2020\/12\/ChronostratChart2018-08Turkish.pdf\">Jeolojik Zaman \u00c7izelgesi<\/a><\/p>\n\n\n\n<p><a href=\"https:\/\/kitap.jmo.org.tr\/genel\/kitap_goster.php?kodu=3796\">Bursa \u0130linin Jeomiras De\u011ferleri<\/a><\/p>\n","protected":false},"excerpt":{"rendered":"<p>Jeolojik Zaman \u00c7izelgesi Bursa \u0130linin Jeomiras De\u011ferleri<\/p>\n","protected":false},"author":1,"featured_media":0,"parent":0,"menu_order":0,"comment_status":"closed","ping_status":"closed","template":"","meta":{"_links_to":"","_links_to_target":""},"_links":{"self":[{"href":"https:\/\/yerbilimleri.org\/index.php\/wp-json\/wp\/v2\/pages\/49"}],"collection":[{"href":"https:\/\/yerbilimleri.org\/index.php\/wp-json\/wp\/v2\/pages"}],"about":[{"href":"https:\/\/yerbilimleri.org\/index.php\/wp-json\/wp\/v2\/types\/page"}],"author":[{"embeddable":true,"href":"https:\/\/yerbilimleri.org\/index.php\/wp-json\/wp\/v2\/users\/1"}],"replies":[{"embeddable":true,"href":"https:\/\/yerbilimleri.org\/index.php\/wp-json\/wp\/v2\/comments?post=49"}],"version-history":[{"count":6,"href":"https:\/\/yerbilimleri.org\/index.php\/wp-json\/wp\/v2\/pages\/49\/revisions"}],"predecessor-version":[{"id":963,"href":"https:\/\/yerbilimleri.org\/index.php\/wp-json\/wp\/v2\/pages\/49\/revisions\/963"}],"wp:attachment":[{"href":"https:\/\/yerbilimleri.org\/index.php\/wp-json\/wp\/v2\/media?parent=49"}],"curies":[{"name":"wp","href":"https:\/\/api.w.org\/{rel}","templated":true}]}}