{"id":43,"date":"2020-10-13T12:03:45","date_gmt":"2020-10-13T09:03:45","guid":{"rendered":"http:\/\/yerbilimleri.org\/?page_id=43"},"modified":"2020-10-13T12:25:20","modified_gmt":"2020-10-13T09:25:20","slug":"tuzuk","status":"publish","type":"page","link":"https:\/\/yerbilimleri.org\/index.php\/tuzuk\/","title":{"rendered":"T\u00fcz\u00fck"},"content":{"rendered":"\n<p><strong>T\u00dcZ\u00dcK<\/strong><\/p>\n\n\n\n<p><strong>Yerbilimleri E\u011fitimi \u00c7al\u0131\u015fma Grubu (YE\u00c7G)<\/strong><\/p>\n\n\n\n<p><strong>Ama\u00e7&nbsp;<\/strong><\/p>\n\n\n\n<p>Yerbilimleri e\u011fitimi, ba\u015fta jeoloji olmak \u00fczere jeofizik, klimatoloji &#8211; meteoroloji, hidroloji, pedoloji, fiziki co\u011frafya, jeomorfoloji, o\u015finografi, kartografya, ekoloji gibi, yerk\u00fcrenin do\u011fal \u00f6zelliklerini ara\u015ft\u0131rma, \u00f6\u011frenme ve \u00f6\u011fretme \u00e7abalar\u0131n\u0131n kapsar. Toplumlar\u0131n ya\u015fam kaynaklar\u0131n\u0131 sa\u011flad\u0131klar\u0131 yerk\u00fcre hakk\u0131nda genelde \u00e7ok s\u0131n\u0131rl\u0131 bilgileri vard\u0131r. Yerk\u00fcrenin, insan&nbsp; ve di\u011fer canl\u0131lar\u0131n ya\u015fam\u0131ndaki \u00f6nemi hakk\u0131nda fark\u0131ndal\u0131\u011f\u0131n erken ya\u015flarda edinilmesi; okul \u00f6ncesi, ilk ve orta\u00f6\u011fretim \u00e7a\u011flar\u0131nda kazan\u0131lmas\u0131 i\u00e7in faaliyet g\u00f6steren <strong>Uluslararas\u0131 Yerbilimleri E\u011fitimi Kurumu (International Geosciences Education Organisation-IGEO<\/strong>) isimli bir sivil toplum kurulu\u015fu (STK) mevcuttur. IGEO\u2019nun T\u00fcrkiye Temsilcisi Prof. Dr. Nizamettin Kazanc\u0131 (Ankara \u00dcni.), Yard\u0131mc\u0131s\u0131 Do\u00e7. Dr. Alper G\u00fcrb\u00fcz (Ni\u011fde \u00d6mer Halisdemir \u00dcni.)\u2019dir. 7 Aral\u0131k 2019 tarihinde yap\u0131lan JEM\u0130RKO toplant\u0131s\u0131nda IGEO faaliyetlerini yurti\u00e7inde s\u00fcrd\u00fcrmek, toplumda do\u011fa fark\u0131ndal\u0131\u011f\u0131n\u0131 art\u0131rmak amac\u0131yla, g\u00f6n\u00fcll\u00fcl\u00fck esas\u0131na g\u00f6re faaliyet g\u00f6sterecek, toplumsal ve bilimsel ama\u00e7l\u0131 <strong>Yerbilimleri E\u011fitimi \u00c7al\u0131\u015fma Grubu<\/strong>-YE\u00c7G kurulmu\u015ftur.&nbsp;<\/p>\n\n\n\n<p><strong>YE\u00c7G;<\/strong><\/p>\n\n\n\n<ol><li>\u00dclkemizde yerbilimleri e\u011fitimini t\u00fcm seviyelerde (\u0130lk \u00f6\u011fretim, Orta \u00f6\u011fretim ve \u00dcniversite) uluslararas\u0131 seviyede verilmesini sa\u011flamay\u0131<\/li><li>&nbsp;Yerbilimleri e\u011fitiminin kalitesinin uluslararas\u0131 seviyeye \u00e7\u0131kar\u0131lmas\u0131 i\u00e7in \u00e7al\u0131\u015fmay\u0131;<\/li><li>&nbsp;Toplumun yerbilimleri bilincini ve fark\u0131ndal\u0131\u011f\u0131n\u0131 \u00f6zellikle de gen\u00e7ler aras\u0131nda yayg\u0131nla\u015ft\u0131r\u0131c\u0131 &nbsp; faaliyetleri te\u015fvik etmeyi ama\u00e7lar.<\/li><\/ol>\n\n\n\n<p><strong>Kapsam ve Dayanak:<\/strong><\/p>\n\n\n\n<p>\u00c7al\u0131\u015fma grubu t\u00fcm\u00fcyle bilimsel ama\u00e7la kurulmu\u015f, ba\u011f\u0131ms\u0131z bir gruptur. \u00c7al\u0131\u015fma grubu Jeoloji M\u00fchendisleri Odas\u0131,&nbsp; \u00fcniversiteler,&nbsp; ilgili kurum ve kurulu\u015flar taraf\u0131ndan desteklenir. Yerbilimleriyle ili\u015fkili konularda \u00e7al\u0131\u015fan, bu konuya ilgi duyan ve bu ilkeleri kabul eden herkese a\u00e7\u0131kt\u0131r.<\/p>\n\n\n\n<p><strong>Organizasyon<\/strong><\/p>\n\n\n\n<p>Yerbilimleri E\u011fitimi \u00c7al\u0131\u015fma Grubu&nbsp; (YE\u00c7G)y\u00f6netim kurulu ve \u00e7al\u0131\u015fma komitelerinden olu\u015fur.&nbsp;<\/p>\n\n\n\n<p><strong>Y\u00f6netim kurulu;<\/strong> Ba\u015fkan, &nbsp;Ba\u015fkan Yard\u0131mc\u0131s\u0131, Sekreter ve 10 \u00fcyeden olu\u015fur (Bu say\u0131 artt\u0131r\u0131labilir). Y\u00f6netim Kurulu \u00fcyeleri, yedekleri ile birlikte Yerbilimleri E\u011fitimi \u00c7al\u0131\u015fma Grubu \u00fcyeleri aras\u0131ndan genel kurulda oylamayla belirlenir. Y\u00f6netim kurulu kendi i\u00e7inden bir ba\u015fkan, bir ba\u015fkan yard\u0131mc\u0131s\u0131 ve bir sekreter se\u00e7er.&nbsp; <strong>Ba\u015fkan,<\/strong> Y\u00f6netim Kurulu\u2019nu temsil eder. Y\u00f6netim Kurulu\u2019nu toplant\u0131ya \u00e7a\u011f\u0131r\u0131r ve toplant\u0131y\u0131 y\u00f6netir. Zaman\u0131 geldi\u011finde Genel Kurulun toplanmas\u0131n\u0131 sa\u011flar. <strong>Ba\u015fkan Yard\u0131mc\u0131s\u0131<\/strong>, ba\u015fkan\u0131n bulunmad\u0131\u011f\u0131 zamanlarda ba\u015fkanl\u0131k g\u00f6revini y\u00fcr\u00fct\u00fcr. <strong>Sekreter<\/strong>, toplant\u0131lar\u0131n \u00fcyelere bildirilmesinden ve toplant\u0131lardan \u00f6nce g\u00fcndem maddelerinin belirlenmesi i\u00e7in \u00fcye g\u00f6r\u00fc\u015flerini istemekten sorumludur. Sekreter toplant\u0131dan \u00f6nce g\u00fcndemi \u00fcyelere da\u011f\u0131t\u0131r. Sekreter her toplant\u0131 tutana\u011f\u0131n\u0131, toplant\u0131dan sonraki d\u00f6rt hafta i\u00e7inde her bir \u00fcyeye g\u00f6nderir.<\/p>\n\n\n\n<p>Genel Kurul, her y\u0131l T\u00fcrkiye Jeoloji Kurultay\u0131 (TJK) s\u00fcresinde Y\u00f6netim Kurulu\u2019nun \u00e7a\u011fr\u0131s\u0131 ile toplanarak Y\u00f6netim Kurulu\u2019nu ve ba\u015fkan\u0131n\u0131 se\u00e7er, Y\u00f6netim Kurulu\u2019na g\u00f6rev verir ve denetler.<\/p>\n\n\n\n<p>Genel Kurul toplant\u0131lar\u0131nda \u00e7o\u011funluk aranmaz. Genel Kurulda se\u00e7imlerin yap\u0131lmas\u0131nda ve kararlar\u0131n al\u0131nmas\u0131nda mevcut \u00fcyelerin oy \u00e7oklu\u011fu esas\u0131 uygulan\u0131r. Her \u00fcyenin bir oyu vard\u0131r<\/p>\n\n\n\n<p>Y\u00f6netim Kurulu iki y\u0131ll\u0131\u011f\u0131na g\u00f6revlendirilir. Y\u00f6netim Kurulu \u00fcyelerinin toplant\u0131lara kat\u0131lamamas\u0131 halinde, ba\u015fkan\u0131n mutabakat\u0131 ile de\u011fi\u015fiklik yap\u0131labilir.<\/p>\n\n\n\n<p><strong>\u00c7al\u0131\u015fma Gruplar\u0131;<\/strong> Y\u00f6netim Kurulu, Yerbilimlerinin de\u011fi\u015fik kollar\u0131na hitap edecek \u00f6zel konularla ilgilenmek i\u00e7in sabit s\u00fcreli \u00c7al\u0131\u015fma Gruplar\u0131 olu\u015fturabilir&nbsp;<\/p>\n\n\n\n<p><strong>Yerbilimleri E\u011fitimi \u00c7al\u0131\u015fma Grubunun Faaliyetleri:<\/strong><\/p>\n\n\n\n<ol><li>Yerbilimleri e\u011fitimi i\u00e7in her d\u00fczeyde yap\u0131lan uluslararas\u0131 geli\u015fmeleri izlemek ve ilgilileri konu hakk\u0131nda haberdar etmek;<\/li><li>Her d\u00fczeylerde yerbilimleri e\u011fitimcileri aras\u0131ndaki ileti\u015fimi te\u015fvik etmek;<\/li><li>Yerbilimleri e\u011fitimi ile ilgili ulusal ve uluslararas\u0131 organlarla irtibat kurmak;<\/li><li>Ulusal ve uluslararas\u0131 mesleki yerbilimleri organlar\u0131yla irtibat kurmak;<\/li><li>Fen e\u011fitimi ile ilgili uluslararas\u0131 organlarla irtibat kurmak.<\/li><\/ol>\n","protected":false},"excerpt":{"rendered":"<p>T\u00dcZ\u00dcK Yerbilimleri E\u011fitimi \u00c7al\u0131\u015fma Grubu (YE\u00c7G) Ama\u00e7&nbsp; Yerbilimleri e\u011fitimi, ba\u015fta jeoloji olmak \u00fczere jeofizik, klimatoloji &#8211; meteoroloji, hidroloji, pedoloji, fiziki co\u011frafya, jeomorfoloji, o\u015finografi, kartografya, ekoloji gibi, yerk\u00fcrenin do\u011fal \u00f6zelliklerini ara\u015ft\u0131rma, [&hellip;]<\/p>\n","protected":false},"author":1,"featured_media":0,"parent":0,"menu_order":0,"comment_status":"closed","ping_status":"closed","template":"","meta":{"_links_to":"","_links_to_target":""},"_links":{"self":[{"href":"https:\/\/yerbilimleri.org\/index.php\/wp-json\/wp\/v2\/pages\/43"}],"collection":[{"href":"https:\/\/yerbilimleri.org\/index.php\/wp-json\/wp\/v2\/pages"}],"about":[{"href":"https:\/\/yerbilimleri.org\/index.php\/wp-json\/wp\/v2\/types\/page"}],"author":[{"embeddable":true,"href":"https:\/\/yerbilimleri.org\/index.php\/wp-json\/wp\/v2\/users\/1"}],"replies":[{"embeddable":true,"href":"https:\/\/yerbilimleri.org\/index.php\/wp-json\/wp\/v2\/comments?post=43"}],"version-history":[{"count":2,"href":"https:\/\/yerbilimleri.org\/index.php\/wp-json\/wp\/v2\/pages\/43\/revisions"}],"predecessor-version":[{"id":70,"href":"https:\/\/yerbilimleri.org\/index.php\/wp-json\/wp\/v2\/pages\/43\/revisions\/70"}],"wp:attachment":[{"href":"https:\/\/yerbilimleri.org\/index.php\/wp-json\/wp\/v2\/media?parent=43"}],"curies":[{"name":"wp","href":"https:\/\/api.w.org\/{rel}","templated":true}]}}