{"id":41,"date":"2020-10-13T12:02:20","date_gmt":"2020-10-13T09:02:20","guid":{"rendered":"http:\/\/yerbilimleri.org\/?page_id=41"},"modified":"2025-05-08T19:12:12","modified_gmt":"2025-05-08T16:12:12","slug":"yonetim-kurulu","status":"publish","type":"page","link":"https:\/\/yerbilimleri.org\/index.php\/yonetim-kurulu\/","title":{"rendered":"Y\u00f6netim Kurulu"},"content":{"rendered":"\n<p><strong>YERB\u0130L\u0130MLER\u0130 E\u011e\u0130T\u0130M\u0130 \u00c7ALI\u015eMA GRUBU (YE\u00c7G)&nbsp;<\/strong><\/p>\n\n\n\n<p><strong>KURUCU Y\u00d6NET\u0130M KURULU<\/strong><\/p>\n\n\n\n<p>Prof. Dr. H\u00fckm\u00fc ORHAN (Ba\u015fkan) <a href=\"about:blank\">hukmu.orhan@gmailicom<\/a>&nbsp;<\/p>\n\n\n\n<p>Do\u00e7.Dr. Alper G\u00dcRB\u00dcZ (Ankara \u00dcniversitesi, Jeoloji M\u00fch. B\u00f6l) Ba\u015fkan Yard\u0131mc\u0131s\u0131 agurbuz@ankara.edu.tr<\/p>\n\n\n\n<p>Dr. \u00d6\u011fr. \u00dcyesi C\u00fcneyt B\u0130RCAN (Bal\u0131kesir \u00dcniversitesi) Sekreter <a href=\"mailto:cuneytbircan@hotmail.com\">cuneytbircan@bal\u0131kesir.edu.tr<\/a><\/p>\n\n\n\n<p><strong>&nbsp;Kurul \u00dcyeleri<\/strong><\/p>\n\n\n\n<p>Prof.Dr. Nizamettin KAZANCI (Ankara \u00dcni., Jeoloji M\u00fch. B\u00f6l.-<a href=\"mailto:kazancinizamettin@gmail.com\">kazancinizamettin@gmail.com<\/a>)<\/p>\n\n\n\n<p>Prof. Dr. Ercan AKSOY (F\u0131rat \u00dcni., Jeoloji M\u00fch. B\u00f6l. &#8211; <a href=\"mailto:eaksoy5423@gmail.com\">Eaksoy5423@gmail.com<\/a>)<\/p>\n\n\n\n<p>Prof. Dr. M. Burhan SADIKLAR (KT\u00dc, Jeoloji M\u00fch B\u00f6l.- <a href=\"mailto:mbsadiklar@gmail.com\">mbsadiklar@gmail.com<\/a> )<\/p>\n\n\n\n<p>Dr. Korhan \u00c7ak\u0131r (MTA Tabiat tarihi M\u00fczesi, korhanckir5<a href=\"mailto:erturac@gmail.com\">@gmail.com<\/a>)<\/p>\n\n\n\n<p>Prof. Dr. Arzu FIRAT ERSOY (Karadeniz Teknik \u00dcni. Jeoloji M\u00fch. B\u00f6l. &#8211; <a href=\"mailto:egurbuz@aksaray.edu.tr\"><\/a><a href=\"mailto:arzufirat@gmail.com\">arzufirat@gmail.com<\/a>)<\/p>\n\n\n\n<p>Dr. Yasemin GEZE (TPAO &#8211; <a rel=\"noreferrer noopener\" href=\"mailto:yasemingeze06@gmail.com\" target=\"_blank\">yasemingeze06@gmail.com<\/a>)<\/p>\n\n\n\n<p>Do\u00e7.Dr.S\u00f6nmez SAYILI (Fe-Ni Madencilik- <a href=\"mailto:kibarmumtaz@gmail.com\"><\/a><a href=\"mailto:sonmez@fenimining.com\">sonmez@fenimining.com<\/a>)<\/p>\n\n\n\n<p>Dr. Koray KO\u00c7 (Akdeniz \u00dcni., Jeoloji M\u00fch. &#8211; <a href=\"mailto:korykoc@gmail.com\">korykoc@gmail.com<\/a>)<\/p>\n\n\n\n<p>Dr. \u00d6\u011fr. \u00dcyesi L\u00fctf\u00fc NAZ\u0130K (K\u0131r\u015fehir Ahi Evran \u00dcni., Co\u011frafya B\u00f6l- <a href=\"mailto:lutfinazik@gmail.com\">lutfinazik@gmail.com<\/a>)\u00a0<\/p>\n\n\n\n<p>Do\u00e7.Dr. Bar\u0131\u015f SEM\u0130Z (Pamukkale \u00dcni., Jeoloji M\u00fch. B\u00f6l.- <a href=\"mailto:barissemiz@gmail.com\">barissemiz@gmail.com<\/a>)<\/p>\n\n\n\n<p>Prof.Dr. Mehmet \u00d6ZKUL (Pamukkale \u00dcni., Jeoloji M\u00fch. B\u00f6l.- <a href=\"mailto:mozkul.mehmet@gmail.com\">mozkul.mehmet@gmail.com<\/a>)<\/p>\n\n\n\n<p>Candan KAFALI  (Fen Bilgisi \u00d6\u011fretmeni, \u00c7ANAKKALE   <a href=\"mailto:candan26.ck@gmail.com\">candan26.ck@gmail.com<\/a><\/p>\n","protected":false},"excerpt":{"rendered":"<p>YERB\u0130L\u0130MLER\u0130 E\u011e\u0130T\u0130M\u0130 \u00c7ALI\u015eMA GRUBU (YE\u00c7G)&nbsp; KURUCU Y\u00d6NET\u0130M KURULU Prof. Dr. H\u00fckm\u00fc ORHAN (Ba\u015fkan) hukmu.orhan@gmailicom&nbsp; Do\u00e7.Dr. Alper G\u00dcRB\u00dcZ (Ankara \u00dcniversitesi, Jeoloji M\u00fch. B\u00f6l) Ba\u015fkan Yard\u0131mc\u0131s\u0131 agurbuz@ankara.edu.tr Dr. \u00d6\u011fr. \u00dcyesi C\u00fcneyt B\u0130RCAN [&hellip;]<\/p>\n","protected":false},"author":1,"featured_media":0,"parent":0,"menu_order":0,"comment_status":"closed","ping_status":"closed","template":"","meta":{"_links_to":"","_links_to_target":""},"_links":{"self":[{"href":"https:\/\/yerbilimleri.org\/index.php\/wp-json\/wp\/v2\/pages\/41"}],"collection":[{"href":"https:\/\/yerbilimleri.org\/index.php\/wp-json\/wp\/v2\/pages"}],"about":[{"href":"https:\/\/yerbilimleri.org\/index.php\/wp-json\/wp\/v2\/types\/page"}],"author":[{"embeddable":true,"href":"https:\/\/yerbilimleri.org\/index.php\/wp-json\/wp\/v2\/users\/1"}],"replies":[{"embeddable":true,"href":"https:\/\/yerbilimleri.org\/index.php\/wp-json\/wp\/v2\/comments?post=41"}],"version-history":[{"count":11,"href":"https:\/\/yerbilimleri.org\/index.php\/wp-json\/wp\/v2\/pages\/41\/revisions"}],"predecessor-version":[{"id":1046,"href":"https:\/\/yerbilimleri.org\/index.php\/wp-json\/wp\/v2\/pages\/41\/revisions\/1046"}],"wp:attachment":[{"href":"https:\/\/yerbilimleri.org\/index.php\/wp-json\/wp\/v2\/media?parent=41"}],"curies":[{"name":"wp","href":"https:\/\/api.w.org\/{rel}","templated":true}]}}