{"id":39,"date":"2020-10-13T12:01:51","date_gmt":"2020-10-13T09:01:51","guid":{"rendered":"http:\/\/yerbilimleri.org\/?page_id=39"},"modified":"2020-10-13T12:24:33","modified_gmt":"2020-10-13T09:24:33","slug":"tarihce","status":"publish","type":"page","link":"https:\/\/yerbilimleri.org\/index.php\/tarihce\/","title":{"rendered":"Tarih\u00e7e"},"content":{"rendered":"\n<p><strong>Yerbilimleri,<\/strong> Yerk\u00fcre \u2018de ger\u00e7ekle\u015fen olduk\u00e7a karma\u015f\u0131k s\u00fcre\u00e7lerin \u00e7al\u0131\u015fma \u015feklinin t\u00fcm y\u00f6nlerini, varl\u0131\u011f\u0131m\u0131z i\u00e7in gerekli kaynaklar\u0131 (tatl\u0131 su, hava, enerji, toprak, okyanus ve end\u00fcstriyel hammadde) ve Yerk\u00fcre\u2019de ger\u00e7ekle\u015fen do\u011fal afetlerin sebeplerinin incelenmesini kapsayan bir bilimdir ve genel olarak insanlar i\u00e7in hayati \u00f6neme sahiptir.<\/p>\n\n\n\n<p>Yerbilimleri e\u011fitimi, ba\u015fta jeoloji olmak \u00fczere jeofizik, klimatoloji &#8211; meteoroloji, hidroloji, pedoloji, fiziki co\u011frafya, jeomorfoloji, o\u015finografi, kartografya, ekoloji gibi, Yerk\u00fcre\u2019nin do\u011fal \u00f6zelliklerini ara\u015ft\u0131rma, \u00f6\u011frenme ve \u00f6\u011fretme \u00e7abalar\u0131n\u0131n kapsar.<\/p>\n\n\n\n<p><strong>Yerbilimleri e\u011fitimin<\/strong>in temel hedefi, Yerk\u00fcre\u2019de ya\u015fayan insanlar\u0131n, fiziksel \u00e7evreyi \u015fekillendiren do\u011fal s\u00fcre\u00e7ler hakk\u0131nda bilgi sahibi olmalar\u0131n\u0131 ve insanlar\u0131n eylemlerinin Yerk\u00fcre \u00fczerinde yerel, b\u00f6lgesel ve k\u00fcresel \u00f6l\u00e7ekte nas\u0131l bir etkisi oldu\u011funu anlamalar\u0131n\u0131 sa\u011flamakt\u0131r.&nbsp;<\/p>\n\n\n\n<p>Ne yaz\u0131k ki, yerk\u00fcrede ya\u015fayan insanlar\u0131n b\u00fcy\u00fck bir k\u0131sm\u0131 yerk\u00fcrenin i\u015fleyi\u015finin nas\u0131l oldu\u011fu ve hangi do\u011fal kaynaklara sahip oldu\u011funun ve gelecekte ne t\u00fcr k\u00fcresel krizlere sebep olaca\u011f\u0131n\u0131n fark\u0131nda de\u011fildir. Yerk\u00fcre\u2019nin sundu\u011fu kaynaklar\u0131n en iyi \u015fekilde de\u011ferlendirilmesi, olu\u015facak olan do\u011fal afetleri en az kay\u0131p ve zararla kapatabilmesi i\u00e7in herkesin yerk\u00fcrenin i\u015fletim sistemi, kaynaklar\u0131 ve sebep oldu\u011fu afetlerin fark\u0131nda olmas\u0131 ve yerbilimleri a\u00e7\u0131s\u0131ndan okuryazar ve sorumlu bir d\u00fcnya vatanda\u015f\u0131 olarak b\u00fcy\u00fcmesi \u00f6nemlidir.<\/p>\n\n\n\n<p>Yerk\u00fcre\u2019nin i\u015fleyi\u015f sistemine ba\u011fl\u0131 olarak geli\u015fen ve insanlara y\u00f6nelik \u00e7e\u015fitli endi\u015fe verici olaylar (Depremler, Tsunami, Volkan patlamas\u0131, k\u00fcresel \u0131s\u0131nma, tatl\u0131 su kaynaklar\u0131 vs.) ve do\u011fal kaynaklar konusunda insanlar\u0131n e\u011fitimlerinin ba\u015flang\u0131c\u0131nda bilgilendirilmeleri ve fark\u0131ndal\u0131klar\u0131n\u0131n olu\u015fturulmas\u0131 gerekmektedir.<\/p>\n\n\n\n<p>T\u00fcrkiye\u2019deki ilk ve orta e\u011fitim kurumlar\u0131nda, ne yaz\u0131k ki, Yerbilimleri, e\u011fitim m\u00fcfredat\u0131nda kapsaml\u0131 bir \u015fekilde yer alamamaktad\u0131r. \u0130lk ve orta \u00f6\u011fretimdeki Yerbilimleri e\u011fitimi esas olarak uygulama ve tart\u0131\u015fman\u0131n olmad\u0131\u011f\u0131 teorik dersler \u015feklinde olduk\u00e7a k\u0131s\u0131tl\u0131 bir \u015fekilde verilmektedir.&nbsp; Ara\u015ft\u0131rmaya dayal\u0131 \u00f6\u011frenme ve \u00f6\u011fretme becerileri yetersizdir. \u00d6\u011frenciler herhangi bir g\u00f6zlem ve analiz yapmaks\u0131z\u0131n teorik bilgileri ve rakamlar\u0131 ezberler. Dolay\u0131s\u0131yla \u00f6\u011frenciler s\u0131n\u0131fta \u00f6\u011fretilenlerini \u00e7evrelerinde g\u00f6rd\u00fckleri ile ili\u015fkilendiremezler. Ayr\u0131ca okul \u00f6\u011fretmenleri de Yerbilimleri konusunda yeterli derecede e\u011fitilmedikleri i\u00e7in hem teorik hem de Yerbilimleri e\u011fitiminin olmazsa olmaz\u0131 olan laboratuvar ve arazi g\u00f6zlemlerini kullanarak \u00f6\u011fretme konusunda yetersizdirler.<\/p>\n\n\n\n<p><strong>7 Aral\u0131k 2019<\/strong> tarihinde yap\u0131lan T\u00fcrk Mimar ve M\u00fchendis Odalar\u0131 Birli\u011fi (TMMOB) Jeoloji M\u00fchendisleri Odas\u0131 (JMO) Jeolojik Miras ve Jeopark \u00c7al\u0131\u015fma Grubu (JEM\u0130RKO toplant\u0131s\u0131nda, Uluslararas\u0131 Yerbilimleri E\u011fitimi Organizasyonun (IGEO, International Geoscience Education Organization) T\u00fcrkiye temsilcisi Prof. Dr. Nizamettin KAZANCI\u2019n\u0131n \u00f6nerisi ile T\u00fcrkiye\u2019de, toplumda Yerbilimleri fark\u0131ndal\u0131\u011f\u0131n\u0131 art\u0131rmak amac\u0131yla, g\u00f6n\u00fcll\u00fcl\u00fck esas\u0131na g\u00f6re faaliyet g\u00f6sterecek toplumsal ve bilimsel ama\u00e7l\u0131 <strong>Yerbilimleri E\u011fitimi \u00c7al\u0131\u015fma Grubu(YE\u00c7G)<\/strong>&nbsp; kurulmas\u0131 karar\u0131 al\u0131nm\u0131\u015ft\u0131r.&nbsp;&nbsp;<\/p>\n","protected":false},"excerpt":{"rendered":"<p>Yerbilimleri, Yerk\u00fcre \u2018de ger\u00e7ekle\u015fen olduk\u00e7a karma\u015f\u0131k s\u00fcre\u00e7lerin \u00e7al\u0131\u015fma \u015feklinin t\u00fcm y\u00f6nlerini, varl\u0131\u011f\u0131m\u0131z i\u00e7in gerekli kaynaklar\u0131 (tatl\u0131 su, hava, enerji, toprak, okyanus ve end\u00fcstriyel hammadde) ve Yerk\u00fcre\u2019de ger\u00e7ekle\u015fen do\u011fal afetlerin sebeplerinin [&hellip;]<\/p>\n","protected":false},"author":1,"featured_media":0,"parent":0,"menu_order":0,"comment_status":"closed","ping_status":"closed","template":"","meta":{"_links_to":"","_links_to_target":""},"_links":{"self":[{"href":"https:\/\/yerbilimleri.org\/index.php\/wp-json\/wp\/v2\/pages\/39"}],"collection":[{"href":"https:\/\/yerbilimleri.org\/index.php\/wp-json\/wp\/v2\/pages"}],"about":[{"href":"https:\/\/yerbilimleri.org\/index.php\/wp-json\/wp\/v2\/types\/page"}],"author":[{"embeddable":true,"href":"https:\/\/yerbilimleri.org\/index.php\/wp-json\/wp\/v2\/users\/1"}],"replies":[{"embeddable":true,"href":"https:\/\/yerbilimleri.org\/index.php\/wp-json\/wp\/v2\/comments?post=39"}],"version-history":[{"count":2,"href":"https:\/\/yerbilimleri.org\/index.php\/wp-json\/wp\/v2\/pages\/39\/revisions"}],"predecessor-version":[{"id":69,"href":"https:\/\/yerbilimleri.org\/index.php\/wp-json\/wp\/v2\/pages\/39\/revisions\/69"}],"wp:attachment":[{"href":"https:\/\/yerbilimleri.org\/index.php\/wp-json\/wp\/v2\/media?parent=39"}],"curies":[{"name":"wp","href":"https:\/\/api.w.org\/{rel}","templated":true}]}}