{"id":217,"date":"2020-11-29T12:55:00","date_gmt":"2020-11-29T09:55:00","guid":{"rendered":"http:\/\/yerbilimleri.org\/?page_id=217"},"modified":"2024-12-12T23:51:37","modified_gmt":"2024-12-12T20:51:37","slug":"board-of-directors","status":"publish","type":"page","link":"https:\/\/yerbilimleri.org\/index.php\/en\/board-of-directors\/","title":{"rendered":"Board of Directors"},"content":{"rendered":"\n<h4 class=\"has-text-align-center\"><strong>EARTH SCIENCE EDUCATION WORKING GROUP (YE\u00c7G) FOUNDING BOARD OF DIRECTORS<\/strong><\/h4>\n\n\n\n<p><strong>Dr. H\u00fckm\u00fc&nbsp; ORHAN<\/strong> (Chairman) <em>hukmu.orhan@gmail.com<\/em><\/p>\n\n\n\n<p><strong>Dr. Alper G\u00dcRB\u00dcZ<\/strong> (Ankara University) Vice Chairman <em><a href=\"mailto:gurbuzae@gmail.com\">gurbuzae@gmail.com<\/a><\/em><\/p>\n\n\n\n<p><strong>Dr. C\u00fcneyt B\u0130RCAN<\/strong> (Bal\u0131kesir University) Secretary <em>cuneytbircan@hotmail.com<\/em><\/p>\n\n\n\n<h4 class=\"has-text-align-center\"><strong>Board Members<\/strong><\/h4>\n\n\n\n<p><strong>Dr. Nizamettin KAZANCI<\/strong> (Ankara University, <em>kazancinizamettin@gmail.com<\/em>)<\/p>\n\n\n\n<p><strong>Dr. Ercan AKSOY<\/strong> (F\u0131rat University, <em>eaksoy5423@gmail.com<\/em>)<\/p>\n\n\n\n<p><strong>Dr. Burhan SADIKLAR<\/strong> (Konya Technical University, <em>mbsadiklar@gmail.com<\/em>)<\/p>\n\n\n\n<p><strong>Dr. Korhan \u00c7AKIR<\/strong> (MTA,  <em>korhanckr5@gmail.com<\/em>)<\/p>\n\n\n\n<p><strong>Dr. Arzu FIRAT<\/strong> (Karadeniz Technical  University,&nbsp; <em><a href=\"mailto:arzufirat@gmail.com\">arzufirat@gmail.com<\/a><\/em>)<\/p>\n\n\n\n<p><strong>Dr. Yasemin GEZE <\/strong>(Turkish Petroleum, <em><a rel=\"noreferrer noopener\" href=\"mailto:yasemingeze06@gmail.com\" target=\"_blank\">yasemingeze06@gmail.com<\/a><\/em>)<\/p>\n\n\n\n<p><strong>Dr. S\u00f6nmez Say\u0131l\u0131<\/strong> (Ankara University, <a href=\"mailto:sonmez@fenimining.com\">sonmez@fenimining.com<\/a>)<\/p>\n\n\n\n<p><strong>Dr. Koray KO\u00c7<\/strong> (Akdeniz University, <em>korykoc@gmail.com<\/em>)<\/p>\n\n\n\n<p><strong>Dr. L\u00fctf\u00fc NAZ\u0130K<\/strong> (K\u0131r\u015fehir Ahi Evran University,&nbsp; <em>lutfinazik@gmail.com<\/em>)<\/p>\n\n\n\n<p><strong>Dr. Bar\u0131\u015f SEM\u0130Z<\/strong> \u200b\u200b(Pamukkale University, <em>bsemiz@pau.edu.tr<\/em>)<\/p>\n\n\n\n<p><strong>Dr. Mehmet \u00d6ZKUL<\/strong> (Pamukkale University, <em><a href=\"mailto:mozkul.mehmet@gmail.com\">mozkul.mehmet@gmail.com<\/a><\/em>)<\/p>\n\n\n\n<p><strong>Candan KAFALI<\/strong> (Fen Bilgisi \u00d6\u011fretmeni, \u00c7ANAKKALE <a href=\"mailto:candan26.ck@gmail.com\">candan26.ck@gmail.com<\/a><\/p>\n","protected":false},"excerpt":{"rendered":"<p>EARTH SCIENCE EDUCATION WORKING GROUP (YE\u00c7G) FOUNDING BOARD OF DIRECTORS Dr. H\u00fckm\u00fc&nbsp; ORHAN (Chairman) hukmu.orhan@gmail.com Dr. Alper G\u00dcRB\u00dcZ (Ankara University) Vice Chairman gurbuzae@gmail.com Dr. C\u00fcneyt B\u0130RCAN (Bal\u0131kesir University) Secretary cuneytbircan@hotmail.com [&hellip;]<\/p>\n","protected":false},"author":1,"featured_media":0,"parent":0,"menu_order":0,"comment_status":"closed","ping_status":"closed","template":"","meta":{"_links_to":"","_links_to_target":""},"_links":{"self":[{"href":"https:\/\/yerbilimleri.org\/index.php\/wp-json\/wp\/v2\/pages\/217"}],"collection":[{"href":"https:\/\/yerbilimleri.org\/index.php\/wp-json\/wp\/v2\/pages"}],"about":[{"href":"https:\/\/yerbilimleri.org\/index.php\/wp-json\/wp\/v2\/types\/page"}],"author":[{"embeddable":true,"href":"https:\/\/yerbilimleri.org\/index.php\/wp-json\/wp\/v2\/users\/1"}],"replies":[{"embeddable":true,"href":"https:\/\/yerbilimleri.org\/index.php\/wp-json\/wp\/v2\/comments?post=217"}],"version-history":[{"count":5,"href":"https:\/\/yerbilimleri.org\/index.php\/wp-json\/wp\/v2\/pages\/217\/revisions"}],"predecessor-version":[{"id":995,"href":"https:\/\/yerbilimleri.org\/index.php\/wp-json\/wp\/v2\/pages\/217\/revisions\/995"}],"wp:attachment":[{"href":"https:\/\/yerbilimleri.org\/index.php\/wp-json\/wp\/v2\/media?parent=217"}],"curies":[{"name":"wp","href":"https:\/\/api.w.org\/{rel}","templated":true}]}}