{"id":208,"date":"2020-11-29T12:52:10","date_gmt":"2020-11-29T09:52:10","guid":{"rendered":"http:\/\/yerbilimleri.org\/?page_id=208"},"modified":"2020-11-29T13:29:57","modified_gmt":"2020-11-29T10:29:57","slug":"translated-articles","status":"publish","type":"page","link":"https:\/\/yerbilimleri.org\/index.php\/en\/translated-articles\/","title":{"rendered":"Translated Articles"},"content":{"rendered":"\n<p><strong><a href=\"http:\/\/yerbilimleri.org\/wp-content\/uploads\/2020\/11\/tercume.docx\">Yerbilimi E\u011fitimi: Genel Bak\u0131\u015f<\/a><\/strong><\/p>\n","protected":false},"excerpt":{"rendered":"<p>Yerbilimi E\u011fitimi: Genel Bak\u0131\u015f<\/p>\n","protected":false},"author":1,"featured_media":0,"parent":0,"menu_order":0,"comment_status":"closed","ping_status":"closed","template":"","meta":{"_links_to":"","_links_to_target":""},"_links":{"self":[{"href":"https:\/\/yerbilimleri.org\/index.php\/wp-json\/wp\/v2\/pages\/208"}],"collection":[{"href":"https:\/\/yerbilimleri.org\/index.php\/wp-json\/wp\/v2\/pages"}],"about":[{"href":"https:\/\/yerbilimleri.org\/index.php\/wp-json\/wp\/v2\/types\/page"}],"author":[{"embeddable":true,"href":"https:\/\/yerbilimleri.org\/index.php\/wp-json\/wp\/v2\/users\/1"}],"replies":[{"embeddable":true,"href":"https:\/\/yerbilimleri.org\/index.php\/wp-json\/wp\/v2\/comments?post=208"}],"version-history":[{"count":2,"href":"https:\/\/yerbilimleri.org\/index.php\/wp-json\/wp\/v2\/pages\/208\/revisions"}],"predecessor-version":[{"id":254,"href":"https:\/\/yerbilimleri.org\/index.php\/wp-json\/wp\/v2\/pages\/208\/revisions\/254"}],"wp:attachment":[{"href":"https:\/\/yerbilimleri.org\/index.php\/wp-json\/wp\/v2\/media?parent=208"}],"curies":[{"name":"wp","href":"https:\/\/api.w.org\/{rel}","templated":true}]}}