{"id":190,"date":"2020-11-29T12:45:28","date_gmt":"2020-11-29T09:45:28","guid":{"rendered":"http:\/\/yerbilimleri.org\/?page_id=190"},"modified":"2021-08-04T14:06:14","modified_gmt":"2021-08-04T11:06:14","slug":"tercume-makaleler","status":"publish","type":"page","link":"https:\/\/yerbilimleri.org\/index.php\/tercume-makaleler\/","title":{"rendered":"Terc\u00fcme Makaleler"},"content":{"rendered":"\n<p>**<strong>Makalelerin terc\u00fcme izinleri al\u0131nm\u0131\u015ft\u0131r<\/strong><\/p>\n\n\n\n<h5>1-Chris King (2008) Geoscience education: an overview, Studies in Science Education, 44:2, 187<\/h5>\n\n\n\n<p><a href=\"http:\/\/yerbilimleri.org\/wp-content\/uploads\/2020\/12\/yerbilileri-egitimi-incelemesi-chris-king.pdf\">yerbilimleri e\u011fitimi chris king<\/a><\/p>\n\n\n\n<p>2- Lon Abbott , 2020,  GeoLog _ Using Milankovitch Cycles to create high-resolution astrochronologies &#8211; GeoLog<\/p>\n\n\n\n<p><a href=\"http:\/\/yerbilimleri.org\/wp-content\/uploads\/2020\/12\/milankovic-tercume.pdf\">Milankovich<\/a><\/p>\n\n\n\n<p>3- Gray, M., 2013. Geodiversity: Valuing and Conserving Abiotic Nature, 2nd ed. Wiley<br>Blackwell, Chichester, UK.<\/p>\n\n\n\n<p><a href=\"http:\/\/yerbilimleri.org\/wp-content\/uploads\/2021\/06\/jeocesitlilik-murray.pdf\">Jeo\u00e7e\u015fitlilik<\/a><\/p>\n\n\n\n<p>4. Modern bir co\u011frafya terimi T\u00fcrkiye&#8217;den do\u011fdu. <\/p>\n\n\n\n<p> <strong><a href=\"http:\/\/yerbilimleri.org\/wp-content\/uploads\/2021\/07\/menderes.pdf\">menderes<\/a><\/strong><\/p>\n\n\n\n<p>5.  Earth Science Literacy Brochure (<a href=\"http:\/\/www.earthscienceliteracy.org\">ESLI<\/a>) <\/p>\n\n\n\n<p><a href=\"http:\/\/yerbilimleri.org\/wp-content\/uploads\/2021\/08\/Yerbilimleri-okuryazarligi-1.pdf\">Yerbilimleri Okuryazarl\u0131\u011f\u0131<\/a><\/p>\n","protected":false},"excerpt":{"rendered":"<p>**Makalelerin terc\u00fcme izinleri al\u0131nm\u0131\u015ft\u0131r 1-Chris King (2008) Geoscience education: an overview, Studies in Science Education, 44:2, 187 yerbilimleri e\u011fitimi chris king 2- Lon Abbott , 2020, GeoLog _ Using Milankovitch [&hellip;]<\/p>\n","protected":false},"author":1,"featured_media":0,"parent":0,"menu_order":0,"comment_status":"closed","ping_status":"closed","template":"","meta":{"_links_to":"","_links_to_target":""},"_links":{"self":[{"href":"https:\/\/yerbilimleri.org\/index.php\/wp-json\/wp\/v2\/pages\/190"}],"collection":[{"href":"https:\/\/yerbilimleri.org\/index.php\/wp-json\/wp\/v2\/pages"}],"about":[{"href":"https:\/\/yerbilimleri.org\/index.php\/wp-json\/wp\/v2\/types\/page"}],"author":[{"embeddable":true,"href":"https:\/\/yerbilimleri.org\/index.php\/wp-json\/wp\/v2\/users\/1"}],"replies":[{"embeddable":true,"href":"https:\/\/yerbilimleri.org\/index.php\/wp-json\/wp\/v2\/comments?post=190"}],"version-history":[{"count":21,"href":"https:\/\/yerbilimleri.org\/index.php\/wp-json\/wp\/v2\/pages\/190\/revisions"}],"predecessor-version":[{"id":682,"href":"https:\/\/yerbilimleri.org\/index.php\/wp-json\/wp\/v2\/pages\/190\/revisions\/682"}],"wp:attachment":[{"href":"https:\/\/yerbilimleri.org\/index.php\/wp-json\/wp\/v2\/media?parent=190"}],"curies":[{"name":"wp","href":"https:\/\/api.w.org\/{rel}","templated":true}]}}