{"id":169,"date":"2020-11-25T12:44:11","date_gmt":"2020-11-25T09:44:11","guid":{"rendered":"http:\/\/yerbilimleri.org\/?page_id=169"},"modified":"2024-01-16T20:46:48","modified_gmt":"2024-01-16T17:46:48","slug":"kitaplar","status":"publish","type":"page","link":"https:\/\/yerbilimleri.org\/index.php\/kitaplar\/","title":{"rendered":"Kitaplar"},"content":{"rendered":"\n<ol><li><strong>Exploring Geoscience across the globe<\/strong> <a href=\"http:\/\/www.igeoscied.org\/wp-content\/uploads\/2020\/09\/Exploring-geoscience-Sept2020.pdf\">English Original version (39.8MB)<\/a>&nbsp;written by Chris King.(26th Mar. 2019 Updated \/ Sept. 2020 corrected)<\/li><li>Exploring Geoscience across the globe Turkish version \u00c7eviri <a rel=\"noreferrer noopener\" href=\"http:\/\/www.igeoscied.org\/teaching-resources\/geoscience-text-books\/\" target=\"_blank\"><span style=\"color:#2623cd\" class=\"has-inline-color\">H\u00fckm\u00fc Orhan<\/span><strong><span style=\"color:#2623cd\" class=\"has-inline-color\">,Yerbilimini D\u00fcnya \u00c7ap\u0131nda Ke\u015ffetmek<\/span><\/strong><\/a> <\/li><li><strong>Exploring Geoscience <a href=\"http:\/\/www.igeoscied.org\/wp-content\/uploads\/2020\/11\/Exploring-geoscience-activities-and-questions.pdf\">Activities and Questions<\/a><\/strong> <a href=\"http:\/\/www.igeoscied.org\/wp-content\/uploads\/2020\/09\/Exploring-geoscience-Sept2020.pdf\">English Original version<\/a><a href=\"http:\/\/www.igeoscied.org\/wp-content\/uploads\/2020\/11\/Exploring-geoscience-activities-and-questions.pdf\">(13.5MB)<\/a>&nbsp;written by Chris King.(11th Nov. 2020)<img loading=\"lazy\" width=\"32\" height=\"11\" alt=\"http:\/\/www.igeoscied.org\/wp-content\/uploads\/2016\/01\/new.png\" src=\"https:\/\/lh5.googleusercontent.com\/-RLoaEhH1v0n6X_9z7cogPyfd4gAc4a2d2XwCtrB9E28nUUB2miZUK8--t5oUUMQBz8LqE1ndOtiCi8vQdgGpzgBhY12DH2eigN0pBDkaFbzwDtZ_SDOi6IWusDwooT9RemGCpIHYdNNBGJXog\"><\/li><li><a href=\"http:\/\/www.igeoscied.org\/download\/activities-and-questions-some-answers-book-turkish-version\/\"><strong><span style=\"color:#2a23cd\" class=\"has-inline-color\">Yerbilimini ke\u015ffetme; Etkinlikler ve Sorular: <\/span><\/strong><span style=\"color:#2a23cd\" class=\"has-inline-color\">T\u00fcrk\u00e7eye \u00c7eviri: H\u00fckm\u00fc ORHAN<\/span><\/a><\/li><li><strong>Teaching Geoethics<\/strong> \u2013 Resources for Higher Education (Geoethics Outcomes and Awareness Learning : GOAL)&nbsp;(4th July 2020 Updated)(<a href=\"http:\/\/www.igeoscied.org\/wp-content\/uploads\/2020\/07\/GOAL-eBook-v4.pdf\">Download Link \/ 23.3MB<\/a>)<\/li><li><strong>The Earth Systems booklet<\/strong> \u201cThe Rocks cycle and the Earth System\u201d by Prof. Nir Orion. <a href=\"http:\/\/www.igeoscied.org\/wp-content\/uploads\/2019\/05\/The-rocks-cycle-booklet-English.pdf\">English version(5MB)<\/a><\/li><li><strong>Rocks identification cards<\/strong>(<a href=\"http:\/\/www.igeoscied.org\/wp-content\/uploads\/2019\/05\/Rocks-identification-cards-Porto.pdf\">Download link \/ 512KB<\/a>)<\/li><li><strong>Blue Planet e-<\/strong>book download PDF:English version from here:&nbsp;<a href=\"https:\/\/stwww1.weizmann.ac.il\/geogroup\/?p=480\">https:\/\/stwww1.weizmann.ac.il\/geogroup\/?p=480<\/a><\/li><li><strong>The planet we live on: The beginnings of the Earth Sciences<\/strong> (Basic Books in Science no.6) written by Chris King.<a href=\"http:\/\/www.learndev.org\/dl\/Science\/EarthScience\/ThePlanetWeLiveOn.pdf\">(Download link \/ &nbsp;16.8MB<\/a>)<\/li><li> <strong>Earth Science Education<\/strong> \u2013 Global Perspectives edited by &nbsp;Roberto Greco and Leslie Almberg (17th Dec 2018 updated) (<a href=\"http:\/\/www.igeoscied.org\/wp-content\/uploads\/2019\/02\/Earth-Science-Education-Global-Perspectives.pdf\">Download Link \/ 26.2MB<\/a><\/li><li>10. <a href=\"http:\/\/yerbilimleri.org\/wp-content\/uploads\/2020\/12\/igeo-chris-king-1.pdf\">IGEO- chris King<\/a><\/li><\/ol>\n\n\n\n<p>12.<a href=\"https:\/\/kitap.jmo.org.tr\/genel\/kitap_goster.php?kodu=3796\"> <strong>Bursa ilinin Jdeolojik Miras De\u011ferleri<\/strong> Edit\u00f6r H\u00fckm\u00fc ORHAN<\/a><\/p>\n","protected":false},"excerpt":{"rendered":"<p>Exploring Geoscience across the globe English Original version (39.8MB)&nbsp;written by Chris King.(26th Mar. 2019 Updated \/ Sept. 2020 corrected) Exploring Geoscience across the globe Turkish version \u00c7eviri H\u00fckm\u00fc Orhan,Yerbilimini D\u00fcnya [&hellip;]<\/p>\n","protected":false},"author":1,"featured_media":0,"parent":0,"menu_order":0,"comment_status":"closed","ping_status":"closed","template":"","meta":{"_links_to":"","_links_to_target":""},"_links":{"self":[{"href":"https:\/\/yerbilimleri.org\/index.php\/wp-json\/wp\/v2\/pages\/169"}],"collection":[{"href":"https:\/\/yerbilimleri.org\/index.php\/wp-json\/wp\/v2\/pages"}],"about":[{"href":"https:\/\/yerbilimleri.org\/index.php\/wp-json\/wp\/v2\/types\/page"}],"author":[{"embeddable":true,"href":"https:\/\/yerbilimleri.org\/index.php\/wp-json\/wp\/v2\/users\/1"}],"replies":[{"embeddable":true,"href":"https:\/\/yerbilimleri.org\/index.php\/wp-json\/wp\/v2\/comments?post=169"}],"version-history":[{"count":26,"href":"https:\/\/yerbilimleri.org\/index.php\/wp-json\/wp\/v2\/pages\/169\/revisions"}],"predecessor-version":[{"id":966,"href":"https:\/\/yerbilimleri.org\/index.php\/wp-json\/wp\/v2\/pages\/169\/revisions\/966"}],"wp:attachment":[{"href":"https:\/\/yerbilimleri.org\/index.php\/wp-json\/wp\/v2\/media?parent=169"}],"curies":[{"name":"wp","href":"https:\/\/api.w.org\/{rel}","templated":true}]}}