{"id":140,"date":"2020-11-04T21:09:33","date_gmt":"2020-11-04T18:09:33","guid":{"rendered":"http:\/\/yerbilimleri.org\/?page_id=140"},"modified":"2020-11-09T12:26:15","modified_gmt":"2020-11-09T09:26:15","slug":"cocuklar-icin-yerbilimi","status":"publish","type":"page","link":"https:\/\/yerbilimleri.org\/index.php\/cocuklar-icin-yerbilimi\/","title":{"rendered":"\u00c7ocuklar \u0130\u00e7in Yerbilimleri"},"content":{"rendered":"\n<p>**A\u015fa\u011f\u0131da bulunan yay\u0131nlar\u0131n t\u00fcm yay\u0131nlanma izinleri al\u0131nm\u0131\u015ft\u0131r.<\/p>\n\n\n\n<p><\/p>\n\n\n\n<ul><li><a href=\"http:\/\/yerbilimleri.org\/wp-content\/uploads\/2020\/11\/mevsimler.pdf\"><strong>Mevsimler<\/strong><\/a><\/li><li><a href=\"http:\/\/yerbilimleri.org\/pdf\/1.pdf\"><strong>Buzul<\/strong><\/a><\/li><li><strong><a href=\"http:\/\/yerbilimleri.org\/pdf\/2.pdf\">D\u00fcnya\u2019daki Buzul<\/a><\/strong><\/li><li><strong><a href=\"http:\/\/yerbilimleri.org\/pdf\/3.pdf\">Hava Kirlili\u011fi<\/a><\/strong><\/li><li><strong><a href=\"http:\/\/yerbilimleri.org\/pdf\/4.pdf\">Havam\u0131z\u0131 Temizlemek<\/a><\/strong><\/li><li><strong><a href=\"http:\/\/yerbilimleri.org\/pdf\/5.pdf\">Okyanusun \u00c7i\u00e7eklenmesi<\/a><\/strong><\/li><li><strong><a href=\"http:\/\/yerbilimleri.org\/pdf\/6.pdf\">K\u0131y\u0131 \u00c7izgisi K\u0131salmas\u0131 ve Deltalar<\/a><\/strong><\/li><li><strong><a href=\"http:\/\/yerbilimleri.org\/pdf\/7.pdf\">Su Heryerde<\/a><\/strong><\/li><li><strong><a href=\"http:\/\/yerbilimleri.org\/pdf\/8.pdf\">Toprak Kaymalar\u0131<\/a><\/strong><\/li><li><strong><a href=\"http:\/\/yerbilimleri.org\/pdf\/9.pdf\">Uydu ile Jeoloji<\/a><\/strong><\/li><li><strong><a href=\"http:\/\/yerbilimleri.org\/pdf\/10.pdf\">Volkan<\/a><\/strong><\/li><\/ul>\n\n\n\n<p><\/p>\n","protected":false},"excerpt":{"rendered":"<p>**A\u015fa\u011f\u0131da bulunan yay\u0131nlar\u0131n t\u00fcm yay\u0131nlanma izinleri al\u0131nm\u0131\u015ft\u0131r. Mevsimler Buzul D\u00fcnya\u2019daki Buzul Hava Kirlili\u011fi Havam\u0131z\u0131 Temizlemek Okyanusun \u00c7i\u00e7eklenmesi K\u0131y\u0131 \u00c7izgisi K\u0131salmas\u0131 ve Deltalar Su Heryerde Toprak Kaymalar\u0131 Uydu ile Jeoloji Volkan<\/p>\n","protected":false},"author":1,"featured_media":0,"parent":0,"menu_order":0,"comment_status":"closed","ping_status":"closed","template":"","meta":{"_links_to":"","_links_to_target":""},"_links":{"self":[{"href":"https:\/\/yerbilimleri.org\/index.php\/wp-json\/wp\/v2\/pages\/140"}],"collection":[{"href":"https:\/\/yerbilimleri.org\/index.php\/wp-json\/wp\/v2\/pages"}],"about":[{"href":"https:\/\/yerbilimleri.org\/index.php\/wp-json\/wp\/v2\/types\/page"}],"author":[{"embeddable":true,"href":"https:\/\/yerbilimleri.org\/index.php\/wp-json\/wp\/v2\/users\/1"}],"replies":[{"embeddable":true,"href":"https:\/\/yerbilimleri.org\/index.php\/wp-json\/wp\/v2\/comments?post=140"}],"version-history":[{"count":4,"href":"https:\/\/yerbilimleri.org\/index.php\/wp-json\/wp\/v2\/pages\/140\/revisions"}],"predecessor-version":[{"id":165,"href":"https:\/\/yerbilimleri.org\/index.php\/wp-json\/wp\/v2\/pages\/140\/revisions\/165"}],"wp:attachment":[{"href":"https:\/\/yerbilimleri.org\/index.php\/wp-json\/wp\/v2\/media?parent=140"}],"curies":[{"name":"wp","href":"https:\/\/api.w.org\/{rel}","templated":true}]}}